{"id":26067,"date":"2021-10-27T13:42:27","date_gmt":"2021-10-27T06:42:27","guid":{"rendered":"https:\/\/goldensmile.com.vn\/?page_id=26067"},"modified":"2021-10-27T13:42:27","modified_gmt":"2021-10-27T06:42:27","slug":"recruitment","status":"publish","type":"page","link":"https:\/\/goldensmile.com.vn\/en\/recruitment\/","title":{"rendered":"Recruitment"},"content":{"rendered":"<section class=\"l-section wpb_row height_auto width_full color_primary type_sticky\"><div class=\"l-section-h i-cf\"><div class=\"g-cols vc_row via_flex valign_top type_default stacking_default\"><div class=\"vc_col-sm-12 wpb_column vc_column_container\"><div class=\"vc_column-inner\"><div class=\"wpb_wrapper\"><div class=\"w-menu us_custom_ae2249b5 layout_hor style_blocks not_responsive us_menu_1\" style=\"--main-ver-indent:0.8em;--main-hor-indent:0.8em;\"><ul id=\"menu-sub-menu-recruitment\" class=\"menu\"><li id=\"menu-item-26070\" class=\"menu-item menu-item-type-custom menu-item-object-custom menu-item-26070\"><a href=\"#chien-luoc-nhan-su\">HR Strategy<\/a><\/li><li id=\"menu-item-26071\" class=\"menu-item menu-item-type-custom menu-item-object-custom menu-item-26071\"><a href=\"#moi-truong-lam-viec\">Work environment<\/a><\/li><li id=\"menu-item-26072\" class=\"menu-item menu-item-type-custom menu-item-object-custom menu-item-26072\"><a href=\"#tin-tuyen-dung\">Recruitment<\/a><\/li><li id=\"menu-item-26073\" class=\"menu-item menu-item-type-custom menu-item-object-custom menu-item-26073\"><a href=\"#quy-dinh-ho-so\">Profile regulations<\/a><\/li><\/ul><style>.us_menu_1 .menu>li>a{color:inherit}.us_menu_1 .menu>.menu-item:not(.current-menu-item)>a:hover{background:var(--color-header-top-bg)}.us_menu_1 .menu>.current-menu-item>a{background:var(--color-header-top-bg)}.us_menu_1 .menu>.current-menu-item>a{color:#fff}<\/style><\/div><\/div><\/div><\/div><\/div><\/div><\/section><section class=\"l-section wpb_row height_medium\" id=\"chien-luoc-nhan-su\"><div class=\"l-section-h i-cf\"><div class=\"g-cols vc_row via_flex valign_top type_default stacking_default\"><div class=\"vc_col-sm-12 wpb_column vc_column_container\"><div class=\"vc_column-inner\"><div class=\"wpb_wrapper\"><div id=\"ultimate-heading-78216a0570a2941df\" class=\"uvc-heading ult-adjust-bottom-margin ultimate-heading-78216a0570a2941df uvc-8350 \" data-hspacer=\"image_only\"  data-halign=\"center\" style=\"text-align:center\"><div class=\"uvc-main-heading ult-responsive\"  data-ultimate-target='.uvc-heading.ultimate-heading-78216a0570a2941df h2'  data-responsive-json-new='{\"font-size\":\"\",\"line-height\":\"\"}' ><h2 style=\"font-weight:bold;color:#da2133;\">CHI\u1ebeN L\u01af\u1ee2C NH\u00c2N S\u1ef0<\/h2><\/div><div class=\"uvc-heading-spacer image_only\" style=\"top\"><img src=\"https:\/\/goldensmile.com.vn\/wp-content\/uploads\/2021\/09\/bg-heading.png\" class=\"ultimate-headings-icon-image\" alt=\"null\" style=\"\"\/><\/div><\/div><div class=\"wpb_text_column\"><div class=\"wpb_wrapper\"><p>\u221a M\u1ed7i th\u00e0nh vi\u00ean \u0111\u01b0\u1ee3c x\u00e2y d\u1ef1ng l\u1ed9 tr\u00ecnh ph\u00e1t tri\u1ec3n ri\u00eang<\/p>\n<p>\u221a \u0110\u01b0\u1ee3c \u0111\u00e0o t\u1ea1o chuy\u00ean m\u00f4n v\u00e0 k\u1ef9 n\u0103ng th\u01b0\u1eddng xuy\u00ean<\/p>\n<p>\u221a T\u1ea1o ra nhi\u1ec1u c\u01a1 h\u1ed9i th\u0103ng ti\u1ebfn cho \u0111\u1ed3ng nghi\u1ec7p.<\/p>\n<p><img loading=\"lazy\" class=\"wp-image-25988 aligncenter\" src=\"https:\/\/goldensmile.com.vn\/wp-content\/uploads\/2021\/10\/y4.png\" alt=\"\" width=\"900\" height=\"506\" srcset=\"https:\/\/goldensmile.com.vn\/wp-content\/uploads\/2021\/10\/y4.png 800w, https:\/\/goldensmile.com.vn\/wp-content\/uploads\/2021\/10\/y4-300x169.png 300w, https:\/\/goldensmile.com.vn\/wp-content\/uploads\/2021\/10\/y4-178x100.png 178w, https:\/\/goldensmile.com.vn\/wp-content\/uploads\/2021\/10\/y4-432x243.png 432w, https:\/\/goldensmile.com.vn\/wp-content\/uploads\/2021\/10\/y4-400x225.png 400w\" sizes=\"(max-width: 900px) 100vw, 900px\" \/><\/p>\n<\/div><\/div><\/div><\/div><\/div><\/div><\/div><\/section><section class=\"l-section wpb_row height_medium\" id=\"moi-truong-lam-viec\"><div class=\"l-section-h i-cf\"><div class=\"g-cols vc_row via_flex valign_top type_default stacking_default\"><div class=\"vc_col-sm-12 wpb_column vc_column_container\"><div class=\"vc_column-inner\"><div class=\"wpb_wrapper\"><div id=\"ultimate-heading-53946a0570a298beb\" class=\"uvc-heading ult-adjust-bottom-margin ultimate-heading-53946a0570a298beb uvc-3901 \" data-hspacer=\"image_only\"  data-halign=\"center\" style=\"text-align:center\"><div class=\"uvc-main-heading ult-responsive\"  data-ultimate-target='.uvc-heading.ultimate-heading-53946a0570a298beb h2'  data-responsive-json-new='{\"font-size\":\"\",\"line-height\":\"\"}' ><h2 style=\"font-weight:bold;color:#da2133;\">M\u00d4I TR\u01af\u1edcNG L\u00c0M VI\u1ec6C<\/h2><\/div><div class=\"uvc-heading-spacer image_only\" style=\"top\"><img src=\"https:\/\/goldensmile.com.vn\/wp-content\/uploads\/2021\/09\/bg-heading.png\" class=\"ultimate-headings-icon-image\" alt=\"null\" style=\"\"\/><\/div><div class=\"uvc-sub-heading ult-responsive\"  data-ultimate-target='.uvc-heading.ultimate-heading-53946a0570a298beb .uvc-sub-heading '  data-responsive-json-new='{\"font-size\":\"\",\"line-height\":\"\"}'  style=\"font-weight:normal;\">\n<p style=\"text-align: left;\"><strong>\u221a M\u00f4i tr\u01b0\u1eddng l\u00e0m vi\u1ec7c th\u00e2n thi\u1ec7n:<\/strong><\/p>\n<p style=\"text-align: left;\">B\u1ea1n s\u1ebd nh\u1eadn ra \u0111i\u1ec1u n\u00e0y ngay khi b\u01b0\u1edbc ch\u00e2n v\u00e0o c\u00f4ng ty, kh\u00f4ng ph\u00e2n vi\u1ec7t b\u1ea1n l\u00e0m \u1edf v\u1ecb tr\u00ed n\u00e0o, b\u01b0\u1edbc ch\u00e2n v\u00e0o Golden Smile Corporation, b\u1ea1n l\u00e0 th\u00e0nh vi\u00ean trong m\u1ed9t gia \u0111\u00ecnh l\u1edbn.<\/p>\n<p style=\"text-align: left;\"><strong><img loading=\"lazy\" class=\"aligncenter wp-image-25990\" src=\"https:\/\/goldensmile.com.vn\/wp-content\/uploads\/2021\/10\/DSC09380-1024x683.jpg\" alt=\"\" width=\"900\" height=\"600\" srcset=\"https:\/\/goldensmile.com.vn\/wp-content\/uploads\/2021\/10\/DSC09380-1024x683.jpg 1024w, https:\/\/goldensmile.com.vn\/wp-content\/uploads\/2021\/10\/DSC09380-300x200.jpg 300w, https:\/\/goldensmile.com.vn\/wp-content\/uploads\/2021\/10\/DSC09380-150x100.jpg 150w, https:\/\/goldensmile.com.vn\/wp-content\/uploads\/2021\/10\/DSC09380-365x243.jpg 365w, https:\/\/goldensmile.com.vn\/wp-content\/uploads\/2021\/10\/DSC09380-729x486.jpg 729w, https:\/\/goldensmile.com.vn\/wp-content\/uploads\/2021\/10\/DSC09380-400x267.jpg 400w\" sizes=\"(max-width: 900px) 100vw, 900px\" \/><\/strong><\/p>\n<p style=\"text-align: left;\"><strong>\u221a T\u1ed5 ch\u1ee9c c\u00e1c l\u1ec5 nghi, l\u1ec5 h\u1ed9i, ho\u1ea1t \u0111\u1ed9ng v\u0103n h\u00f3a phong tr\u00e0o:<\/strong><\/p>\n<p style=\"text-align: left;\">&#8211; Tham gia t\u1ea5t ni\u00ean Year End Party c\u00f9ng v\u1edbi t\u1ea5t c\u1ea3 c\u00e1c th\u00e0nh vi\u00ean v\u00e0o cu\u1ed1i n\u0103m.<\/p>\n<p style=\"text-align: left;\">&#8211; Tham d\u1ef1 chuy\u1ebfn Company Trip n\u01b0\u1edbc ngo\u00e0i \u0111\u01b0\u1ee3c t\u1ed5 ch\u1ee9c theo th\u00f4ng l\u1ec7 h\u00e0ng n\u0103m.<\/p>\n<\/div><\/div><div class=\"wpb_text_column\"><div class=\"wpb_wrapper\"><\/div><\/div><\/div><\/div><\/div><\/div><\/div><\/section><section class=\"l-section wpb_row height_medium\" id=\"tin-tuyen-dung\"><div class=\"l-section-h i-cf\"><div class=\"g-cols vc_row via_flex valign_top type_default stacking_default\"><div class=\"vc_col-sm-12 wpb_column vc_column_container\"><div class=\"vc_column-inner\"><div class=\"wpb_wrapper\"><div id=\"ultimate-heading-97716a0570a29a5df\" class=\"uvc-heading ult-adjust-bottom-margin ultimate-heading-97716a0570a29a5df uvc-369 \" data-hspacer=\"image_only\"  data-halign=\"center\" style=\"text-align:center\"><div class=\"uvc-main-heading ult-responsive\"  data-ultimate-target='.uvc-heading.ultimate-heading-97716a0570a29a5df h2'  data-responsive-json-new='{\"font-size\":\"\",\"line-height\":\"\"}' ><h2 style=\"font-weight:bold;color:#da2133;\">TIN TUY\u1ec2N D\u1ee4NG<\/h2><\/div><div class=\"uvc-heading-spacer image_only\" style=\"top\"><img src=\"https:\/\/goldensmile.com.vn\/wp-content\/uploads\/2021\/09\/bg-heading.png\" class=\"ultimate-headings-icon-image\" alt=\"null\" style=\"\"\/><\/div><div class=\"uvc-sub-heading ult-responsive\"  data-ultimate-target='.uvc-heading.ultimate-heading-97716a0570a29a5df .uvc-sub-heading '  data-responsive-json-new='{\"font-size\":\"\",\"line-height\":\"\"}'  style=\"font-weight:normal;\">\n<p style=\"text-align: left;\">\u221a \u01afu ti\u00ean, t\u1ea1o c\u01a1 h\u1ed9i cho Sinh vi\u00ean m\u1edbi ra tr\u01b0\u1eddng.<\/p>\n<p style=\"text-align: left;\">\u221a Th\u01b0\u1eddng xuy\u00ean tuy\u1ec3n d\u1ee5ng nhi\u1ec1u v\u1ecb tr\u00ed, t\u1ea1o ra c\u01a1 h\u1ed9i ti\u1ebfp x\u00fac c\u1ecd x\u00e1t nhi\u1ec1u t\u00e0i n\u0103ng tr\u1ebb h\u01a1n.<\/p>\n<p><img loading=\"lazy\" class=\"aligncenter wp-image-25992\" src=\"https:\/\/goldensmile.com.vn\/wp-content\/uploads\/2021\/10\/DSC09578-1024x683.jpg\" alt=\"\" width=\"900\" height=\"600\" srcset=\"https:\/\/goldensmile.com.vn\/wp-content\/uploads\/2021\/10\/DSC09578-1024x683.jpg 1024w, https:\/\/goldensmile.com.vn\/wp-content\/uploads\/2021\/10\/DSC09578-300x200.jpg 300w, https:\/\/goldensmile.com.vn\/wp-content\/uploads\/2021\/10\/DSC09578-150x100.jpg 150w, https:\/\/goldensmile.com.vn\/wp-content\/uploads\/2021\/10\/DSC09578-365x243.jpg 365w, https:\/\/goldensmile.com.vn\/wp-content\/uploads\/2021\/10\/DSC09578-729x486.jpg 729w, https:\/\/goldensmile.com.vn\/wp-content\/uploads\/2021\/10\/DSC09578-400x267.jpg 400w\" sizes=\"(max-width: 900px) 100vw, 900px\" \/><\/div><\/div><div class=\"w-separator size_medium\"><\/div><\/div><\/div><\/div><\/div><\/div><\/section><section class=\"l-section wpb_row height_medium\" id=\"quy-dinh-ho-so\"><div class=\"l-section-h i-cf\"><div class=\"g-cols vc_row via_flex valign_top type_default stacking_default\"><div class=\"vc_col-sm-12 wpb_column vc_column_container\"><div class=\"vc_column-inner\"><div class=\"wpb_wrapper\"><div id=\"ultimate-heading-3966a0570a29c988\" class=\"uvc-heading ult-adjust-bottom-margin ultimate-heading-3966a0570a29c988 uvc-3878 \" data-hspacer=\"image_only\"  data-halign=\"center\" style=\"text-align:center\"><div class=\"uvc-main-heading ult-responsive\"  data-ultimate-target='.uvc-heading.ultimate-heading-3966a0570a29c988 h2'  data-responsive-json-new='{\"font-size\":\"\",\"line-height\":\"\"}' ><h2 style=\"font-weight:bold;color:#da2133;\">QUY \u0110\u1ecaNH H\u1ed2 S\u01a0<\/h2><\/div><div class=\"uvc-heading-spacer image_only\" style=\"top\"><img src=\"https:\/\/goldensmile.com.vn\/wp-content\/uploads\/2021\/09\/bg-heading.png\" class=\"ultimate-headings-icon-image\" alt=\"null\" style=\"\"\/><\/div><div class=\"uvc-sub-heading ult-responsive\"  data-ultimate-target='.uvc-heading.ultimate-heading-3966a0570a29c988 .uvc-sub-heading '  data-responsive-json-new='{\"font-size\":\"\",\"line-height\":\"\"}'  style=\"font-weight:normal;\">\n<p style=\"text-align: left;\"><strong>\u221a H\u1ed3 s\u01a1 xin vi\u1ec7c, bao g\u1ed3m:<\/strong><\/p>\n<p style=\"text-align: left;\">&#8211; Phi\u1ebfu \u0111ang k\u00fd d\u1ef1 tuy\u1ec3n lao \u0111\u1ed9ng theo m\u1eabu do B\u1ed9 Lao \u0111\u1ed9ng \u2013 Th\u01b0\u01a1ng binh v\u00e0 X\u00e3 h\u1ed9i quy \u0111\u1ecbnh<\/p>\n<p style=\"text-align: left;\">&#8211; S\u01a1 y\u1ebfu l\u00fd l\u1ecbch<\/p>\n<p style=\"text-align: left;\">&#8211; B\u1ea3n sao c\u00e1c v\u0103n b\u1eb1ng, ch\u1ee9ng ch\u1ec9 ch\u1ee9ng minh tr\u00ecnh \u0111\u1ed9 chuy\u00ean m\u00f4n k\u1ef9 thu\u1eadt, tr\u00ecnh \u0111\u1ed9 ngo\u1ea1i ng\u1eef, tin h\u1ecdc theo y\u00eau c\u1ea7u c\u1ee7a v\u1ecb tr\u00ed c\u1ea7n tuy\u1ec3n<\/p>\n<p style=\"text-align: left;\">&#8211; C\u00e1c gi\u1ea5y t\u1edd kh\u00e1c theo quy \u0111\u1ecbnh c\u1ee7a ph\u00e1p lu\u1eadt<\/p>\n<p style=\"text-align: left;\">&#8211; Gi\u1ea5y ch\u1ee9ng nh\u1eadn s\u1ee9c kh\u1ecfe theo quy \u0111\u1ecbnh c\u1ee7a B\u1ed9 y t\u1ebf.<\/p>\n<p><img loading=\"lazy\" class=\"wp-image-25994 aligncenter\" src=\"https:\/\/goldensmile.com.vn\/wp-content\/uploads\/2021\/10\/nop-ho-so-1024x768.jpeg\" alt=\"\" width=\"900\" height=\"675\" srcset=\"https:\/\/goldensmile.com.vn\/wp-content\/uploads\/2021\/10\/nop-ho-so-1024x768.jpeg 1024w, https:\/\/goldensmile.com.vn\/wp-content\/uploads\/2021\/10\/nop-ho-so-300x225.jpeg 300w, https:\/\/goldensmile.com.vn\/wp-content\/uploads\/2021\/10\/nop-ho-so-400x300.jpeg 400w, https:\/\/goldensmile.com.vn\/wp-content\/uploads\/2021\/10\/nop-ho-so-133x100.jpeg 133w, https:\/\/goldensmile.com.vn\/wp-content\/uploads\/2021\/10\/nop-ho-so-324x243.jpeg 324w, https:\/\/goldensmile.com.vn\/wp-content\/uploads\/2021\/10\/nop-ho-so-648x486.jpeg 648w, https:\/\/goldensmile.com.vn\/wp-content\/uploads\/2021\/10\/nop-ho-so-267x200.jpeg 267w, https:\/\/goldensmile.com.vn\/wp-content\/uploads\/2021\/10\/nop-ho-so.jpeg 1200w\" sizes=\"(max-width: 900px) 100vw, 900px\" \/><\/div><\/div><div class=\"wpb_text_column\"><div class=\"wpb_wrapper\"><\/div><\/div><\/div><\/div><\/div><\/div><\/div><\/section>\n","protected":false},"excerpt":{"rendered":"HR StrategyWork environmentRecruitmentProfile regulationsCHI\u1ebeN L\u01af\u1ee2C NH\u00c2N S\u1ef0\u221a M\u1ed7i th\u00e0nh vi\u00ean \u0111\u01b0\u1ee3c x\u00e2y d\u1ef1ng l\u1ed9 tr\u00ecnh ph\u00e1t tri\u1ec3n ri\u00eang \u221a \u0110\u01b0\u1ee3c \u0111\u00e0o t\u1ea1o chuy\u00ean m\u00f4n v\u00e0 k\u1ef9 n\u0103ng th\u01b0\u1eddng xuy\u00ean \u221a T\u1ea1o ra nhi\u1ec1u c\u01a1 h\u1ed9i th\u0103ng ti\u1ebfn cho \u0111\u1ed3ng nghi\u1ec7p. M\u00d4I TR\u01af\u1edcNG L\u00c0M VI\u1ec6C \u221a M\u00f4i tr\u01b0\u1eddng l\u00e0m vi\u1ec7c th\u00e2n thi\u1ec7n: B\u1ea1n s\u1ebd nh\u1eadn ra...","protected":false},"author":1,"featured_media":0,"parent":0,"menu_order":0,"comment_status":"closed","ping_status":"closed","template":"","meta":[],"yoast_head":"<!-- This site is optimized with the Yoast SEO plugin v14.9 - https:\/\/yoast.com\/wordpress\/plugins\/seo\/ -->\n<title>Recruitment - Golden Smile Corporation<\/title>\n<meta name=\"robots\" content=\"index, follow, max-snippet:-1, max-image-preview:large, max-video-preview:-1\" \/>\n<link rel=\"canonical\" href=\"https:\/\/goldensmile.com.vn\/en\/recruitment\/\" \/>\n<meta property=\"og:locale\" content=\"en_US\" \/>\n<meta property=\"og:type\" content=\"article\" \/>\n<meta property=\"og:title\" content=\"Recruitment - Golden Smile Corporation\" \/>\n<meta property=\"og:url\" content=\"https:\/\/goldensmile.com.vn\/en\/recruitment\/\" \/>\n<meta property=\"og:site_name\" content=\"Golden Smile Corporation\" \/>\n<meta property=\"og:image\" content=\"https:\/\/goldensmile.com.vn\/wp-content\/uploads\/2021\/10\/y4.png\" \/>\n<meta name=\"twitter:card\" content=\"summary_large_image\" \/>\n<script type=\"application\/ld+json\" class=\"yoast-schema-graph\">{\"@context\":\"https:\/\/schema.org\",\"@graph\":[{\"@type\":\"WebSite\",\"@id\":\"https:\/\/goldensmile.com.vn\/en\/#website\",\"url\":\"https:\/\/goldensmile.com.vn\/en\/\",\"name\":\"Golden Smile Corporation\",\"description\":\"\",\"potentialAction\":[{\"@type\":\"SearchAction\",\"target\":\"https:\/\/goldensmile.com.vn\/en\/?s={search_term_string}\",\"query-input\":\"required name=search_term_string\"}],\"inLanguage\":\"en-US\"},{\"@type\":\"ImageObject\",\"@id\":\"https:\/\/goldensmile.com.vn\/en\/recruitment\/#primaryimage\",\"inLanguage\":\"en-US\",\"url\":\"https:\/\/goldensmile.com.vn\/wp-content\/uploads\/2021\/10\/y4.png\",\"width\":800,\"height\":450},{\"@type\":\"WebPage\",\"@id\":\"https:\/\/goldensmile.com.vn\/en\/recruitment\/#webpage\",\"url\":\"https:\/\/goldensmile.com.vn\/en\/recruitment\/\",\"name\":\"Recruitment - Golden Smile Corporation\",\"isPartOf\":{\"@id\":\"https:\/\/goldensmile.com.vn\/en\/#website\"},\"primaryImageOfPage\":{\"@id\":\"https:\/\/goldensmile.com.vn\/en\/recruitment\/#primaryimage\"},\"datePublished\":\"2021-10-27T06:42:27+00:00\",\"dateModified\":\"2021-10-27T06:42:27+00:00\",\"inLanguage\":\"en-US\",\"potentialAction\":[{\"@type\":\"ReadAction\",\"target\":[\"https:\/\/goldensmile.com.vn\/en\/recruitment\/\"]}]}]}<\/script>\n<!-- \/ Yoast SEO plugin. -->","_links":{"self":[{"href":"https:\/\/goldensmile.com.vn\/en\/wp-json\/wp\/v2\/pages\/26067"}],"collection":[{"href":"https:\/\/goldensmile.com.vn\/en\/wp-json\/wp\/v2\/pages"}],"about":[{"href":"https:\/\/goldensmile.com.vn\/en\/wp-json\/wp\/v2\/types\/page"}],"author":[{"embeddable":true,"href":"https:\/\/goldensmile.com.vn\/en\/wp-json\/wp\/v2\/users\/1"}],"replies":[{"embeddable":true,"href":"https:\/\/goldensmile.com.vn\/en\/wp-json\/wp\/v2\/comments?post=26067"}],"version-history":[{"count":1,"href":"https:\/\/goldensmile.com.vn\/en\/wp-json\/wp\/v2\/pages\/26067\/revisions"}],"predecessor-version":[{"id":26068,"href":"https:\/\/goldensmile.com.vn\/en\/wp-json\/wp\/v2\/pages\/26067\/revisions\/26068"}],"wp:attachment":[{"href":"https:\/\/goldensmile.com.vn\/en\/wp-json\/wp\/v2\/media?parent=26067"}],"curies":[{"name":"wp","href":"https:\/\/api.w.org\/{rel}","templated":true}]}}